{"id":2319,"date":"2021-11-23T18:41:33","date_gmt":"2021-11-23T18:41:33","guid":{"rendered":"http:\/\/wp.prival.ca\/?page_id=2319"},"modified":"2022-12-05T22:01:28","modified_gmt":"2022-12-05T22:01:28","slug":"technical-support","status":"publish","type":"page","link":"https:\/\/www.prival.ca\/fr\/technical-support\/","title":{"rendered":"Support Technique"},"content":{"rendered":"<p><div class=\"fusion-fullwidth fullwidth-box fusion-builder-row-1 fusion-flex-container fusion-parallax-none nonhundred-percent-fullwidth non-hundred-percent-height-scrolling lazyload\" style=\"--awb-border-radius-top-left:0px;--awb-border-radius-top-right:0px;--awb-border-radius-bottom-right:0px;--awb-border-radius-bottom-left:0px;--awb-padding-top:16%;--awb-padding-bottom:12%;--awb-background-image:linear-gradient(180deg, rgba(0,0,0,0.33) 0%,rgba(0,0,0,0.33) 100%);;--awb-background-size:cover;--awb-flex-wrap:wrap;\" data-bg=\"https:\/\/www.prival.ca\/wp-content\/uploads\/2022\/05\/technical-support-h.jpg\" data-bg-gradient=\"linear-gradient(180deg, rgba(0,0,0,0.33) 0%,rgba(0,0,0,0.33) 100%)\" ><div class=\"fusion-builder-row fusion-row fusion-flex-align-items-flex-start fusion-flex-content-wrap\" style=\"max-width:1260px;margin-left: calc(-5% \/ 2 );margin-right: calc(-5% \/ 2 );\"><div class=\"fusion-layout-column fusion_builder_column fusion-builder-column-0 fusion_builder_column_1_2 1_2 fusion-flex-column\" style=\"--awb-padding-top-small:23%;--awb-bg-size:cover;--awb-width-large:50%;--awb-margin-top-large:0px;--awb-spacing-right-large:4.75%;--awb-margin-bottom-large:20px;--awb-spacing-left-large:4.75%;--awb-width-medium:100%;--awb-order-medium:0;--awb-spacing-right-medium:2.375%;--awb-spacing-left-medium:2.375%;--awb-width-small:100%;--awb-order-small:0;--awb-spacing-right-small:2.375%;--awb-spacing-left-small:2.375%;\"><div class=\"fusion-column-wrapper fusion-column-has-shadow fusion-flex-justify-content-flex-start fusion-content-layout-column\"><div class=\"fusion-title title fusion-title-1 fusion-sep-none fusion-title-text fusion-title-size-one\" style=\"--awb-text-color:#ffffff;--awb-margin-top-small:10px;--awb-margin-right-small:0px;--awb-margin-bottom-small:10px;--awb-margin-left-small:0px;--awb-font-size:40px;\"><h1 class=\"fusion-title-heading title-heading-left fusion-responsive-typography-calculated\" style=\"margin:0;font-size:1em;--fontSize:40;line-height:1.3;\">Support Technique<\/h1><\/div><\/div><\/div><\/div><\/div><div class=\"fusion-fullwidth fullwidth-box fusion-builder-row-2 fusion-flex-container fusion-parallax-none nonhundred-percent-fullwidth non-hundred-percent-height-scrolling lazyload\" style=\"--awb-border-radius-top-left:0px;--awb-border-radius-top-right:0px;--awb-border-radius-bottom-right:0px;--awb-border-radius-bottom-left:0px;--awb-padding-top:50px;--awb-padding-right:12%;--awb-padding-bottom:60px;--awb-padding-left:12%;--awb-margin-bottom:0px;--awb-background-image:linear-gradient(180deg, rgba(255,255,255,0.88) 0%,rgba(255,255,255,0.88) 100%);;--awb-background-size:cover;--awb-flex-wrap:wrap;\" data-bg=\"https:\/\/wp.prival.ca\/wp-content\/uploads\/2022\/04\/wave2-3.png\" data-bg-gradient=\"linear-gradient(180deg, rgba(255,255,255,0.88) 0%,rgba(255,255,255,0.88) 100%)\" ><div class=\"fusion-builder-row fusion-row fusion-flex-align-items-flex-start fusion-flex-content-wrap\" style=\"max-width:1260px;margin-left: calc(-5% \/ 2 );margin-right: calc(-5% \/ 2 );\"><div class=\"fusion-layout-column fusion_builder_column fusion-builder-column-1 fusion_builder_column_1_2 1_2 fusion-flex-column\" style=\"--awb-bg-size:cover;--awb-width-large:50%;--awb-margin-top-large:0px;--awb-spacing-right-large:4.75%;--awb-margin-bottom-large:20px;--awb-spacing-left-large:0%;--awb-width-medium:100%;--awb-spacing-right-medium:2.375%;--awb-spacing-left-medium:2.375%;--awb-width-small:100%;--awb-spacing-right-small:2.375%;--awb-spacing-left-small:2.375%;\"><div class=\"fusion-column-wrapper fusion-column-has-shadow fusion-flex-justify-content-flex-start fusion-content-layout-column\"><div class=\"fusion-title title fusion-title-2 fusion-sep-none fusion-title-text fusion-title-size-two\" style=\"--awb-margin-bottom:40px;--awb-margin-top-small:10px;--awb-margin-right-small:0px;--awb-margin-bottom-small:10px;--awb-margin-left-small:0px;--awb-font-size:40px;\"><h2 class=\"fusion-title-heading title-heading-left fusion-responsive-typography-calculated\" style=\"margin:0;font-size:1em;--fontSize:40;line-height:1;\">Ticket d'assistance<\/h2><\/div><div class=\"fusion-text fusion-text-1\" style=\"--awb-text-transform:none;\"><p>Ouvrez un ticket pour obtenir de l'aide en cas de probl\u00e8me technique avec les services ou produits Prival. Pour une assistance en dehors des heures d'ouverture, avant 8h00 et apr\u00e8s 17h00 en semaine et les jours f\u00e9ri\u00e9s, composez le 1 (450) 761-9973.<\/p>\n<\/div><div class=\"fusion-separator fusion-full-width-sep\" style=\"align-self: center;margin-left: auto;margin-right: auto;margin-bottom:4%;width:100%;\"><\/div><div class=\"accordian fusion-accordian\" style=\"--awb-border-size:0px;--awb-icon-size:22px;--awb-content-font-size:18px;--awb-icon-alignment:left;--awb-hover-color:var(--awb-color2);--awb-border-color:#ffffff;--awb-background-color:#efefef;--awb-divider-color:var(--awb-color2);--awb-divider-hover-color:var(--awb-color2);--awb-icon-color:#000000;--awb-title-color:#000;--awb-content-color:#000000;--awb-icon-box-color:rgba(255,255,255,0);--awb-toggle-hover-accent-color:rgba(20,20,20,0.72);--awb-title-font-family:&quot;Raleway&quot;;--awb-title-font-weight:400;--awb-title-font-style:normal;--awb-title-font-size:20px;--awb-content-font-family:&quot;Roboto&quot;;--awb-content-font-style:normal;--awb-content-font-weight:400;\"><div class=\"panel-group fusion-toggle-icon-unboxed\" id=\"accordion-2319-1\"><div class=\"fusion-panel panel-default panel-2c5d6c6911f6724c9 fusion-toggle-no-divider fusion-toggle-boxed-mode\" style=\"--awb-content-font-family:&quot;Roboto&quot;;--awb-content-font-style:normal;--awb-content-font-weight:400;--awb-title-font-family:&quot;Raleway&quot;;--awb-title-font-weight:400;--awb-title-font-style:normal;\"><div class=\"panel-heading\"><h4 class=\"panel-title toggle\" id=\"toggle_2c5d6c6911f6724c9\"><a aria-expanded=\"false\" aria-controls=\"2c5d6c6911f6724c9\" role=\"button\" data-toggle=\"collapse\" data-parent=\"#accordion-2319-1\" data-target=\"#2c5d6c6911f6724c9\" href=\"#2c5d6c6911f6724c9\"><span class=\"fusion-toggle-icon-wrapper\" aria-hidden=\"true\"><i class=\"fa-fusion-box active-icon awb-icon-minus\" aria-hidden=\"true\"><\/i><i class=\"fa-fusion-box inactive-icon awb-icon-plus\" aria-hidden=\"true\"><\/i><\/span><span class=\"fusion-toggle-heading\">Degr\u00e9 de gravit\u00e9 1<\/span><\/a><\/h4><\/div><div id=\"2c5d6c6911f6724c9\" class=\"panel-collapse collapse\" aria-labelledby=\"toggle_2c5d6c6911f6724c9\"><div class=\"panel-body toggle-content fusion-clearfix\">\n<p>Un composant logiciel critique pour l'activit\u00e9 ou un syst\u00e8me g\u00e9r\u00e9 par Prival est inop\u00e9rant ou indisponible, le syst\u00e8me de production est en panne ou il y a une urgence. N\u00e9cessite une solution temporaire ou permanente imm\u00e9diate.<\/p>\n<p><strong>Exemples:<\/strong> Interruption anormale affectant l'ensemble du syst\u00e8me de production, de sauvegarde ou de surveillance, de l'application ou d\u00e9faillance du syst\u00e8me caus\u00e9e par les produits ou services Prival.<\/p>\n<p>R\u00e9ponse cible SLA\u00a0<strong>1 heure<\/strong><\/p>\n<\/div><\/div><\/div><div class=\"fusion-panel panel-default panel-2c7b661d89cc7261c fusion-toggle-no-divider fusion-toggle-boxed-mode\" style=\"--awb-content-font-family:&quot;Roboto&quot;;--awb-content-font-style:normal;--awb-content-font-weight:400;--awb-title-font-family:&quot;Raleway&quot;;--awb-title-font-weight:400;--awb-title-font-style:normal;\"><div class=\"panel-heading\"><h4 class=\"panel-title toggle\" id=\"toggle_2c7b661d89cc7261c\"><a aria-expanded=\"false\" aria-controls=\"2c7b661d89cc7261c\" role=\"button\" data-toggle=\"collapse\" data-parent=\"#accordion-2319-1\" data-target=\"#2c7b661d89cc7261c\" href=\"#2c7b661d89cc7261c\"><span class=\"fusion-toggle-icon-wrapper\" aria-hidden=\"true\"><i class=\"fa-fusion-box active-icon awb-icon-minus\" aria-hidden=\"true\"><\/i><i class=\"fa-fusion-box inactive-icon awb-icon-plus\" aria-hidden=\"true\"><\/i><\/span><span class=\"fusion-toggle-heading\">Degr\u00e9 de gravit\u00e9 2<\/span><\/a><\/h4><\/div><div id=\"2c7b661d89cc7261c\" class=\"panel-collapse collapse\" aria-labelledby=\"toggle_2c7b661d89cc7261c\"><div class=\"panel-body toggle-content fusion-clearfix\">\n<p>Impact d\u00e9favorable sur la production, mais sans arr\u00eat des syst\u00e8mes de production, les produits fonctionnent, mais de mani\u00e8re s\u00e9rieusement restreinte.<\/p>\n<p><strong>Exemples:<\/strong>\u00a0Les temps de r\u00e9ponse pour les applications de production ou les performances du syst\u00e8me sont lents, mais les syst\u00e8mes restent disponibles. Certaines surveillances ou certains services sont concern\u00e9s.<\/p>\n<p>R\u00e9ponse cible SLA\u00a0<strong>4 heures<\/strong><\/p>\n<\/div><\/div><\/div><div class=\"fusion-panel panel-default panel-3b0a9041d9372ee8a fusion-toggle-no-divider fusion-toggle-boxed-mode\" style=\"--awb-content-font-family:&quot;Roboto&quot;;--awb-content-font-style:normal;--awb-content-font-weight:400;--awb-title-font-family:&quot;Raleway&quot;;--awb-title-font-weight:400;--awb-title-font-style:normal;\"><div class=\"panel-heading\"><h4 class=\"panel-title toggle\" id=\"toggle_3b0a9041d9372ee8a\"><a aria-expanded=\"false\" aria-controls=\"3b0a9041d9372ee8a\" role=\"button\" data-toggle=\"collapse\" data-parent=\"#accordion-2319-1\" data-target=\"#3b0a9041d9372ee8a\" href=\"#3b0a9041d9372ee8a\"><span class=\"fusion-toggle-icon-wrapper\" aria-hidden=\"true\"><i class=\"fa-fusion-box active-icon awb-icon-minus\" aria-hidden=\"true\"><\/i><i class=\"fa-fusion-box inactive-icon awb-icon-plus\" aria-hidden=\"true\"><\/i><\/span><span class=\"fusion-toggle-heading\">Degr\u00e9 de gravit\u00e9 3<\/span><\/a><\/h4><\/div><div id=\"3b0a9041d9372ee8a\" class=\"panel-collapse collapse\" aria-labelledby=\"toggle_3b0a9041d9372ee8a\"><div class=\"panel-body toggle-content fusion-clearfix\">\n<p>Comme le probl\u00e8me n'affecte pas la production, la majorit\u00e9 des fonctions sont encore utilisables, une situation d'impact limit\u00e9 qui peut \u00eatre r\u00e9solue rapidement.<\/p>\n<p><strong>Exemples:<\/strong>\u00a0les temps de r\u00e9ponse pour les applications hors production ou les performances de certains syst\u00e8mes sont lents, mais les syst\u00e8mes restent disponibles. Certaines surveillances ou certains services sont concern\u00e9s.<\/p>\n<p>R\u00e9ponse cible SLA\u00a0<strong>8 heures<\/strong><\/p>\n<\/div><\/div><\/div><div class=\"fusion-panel panel-default panel-caf41005b512ba27f fusion-toggle-no-divider fusion-toggle-boxed-mode\" style=\"--awb-content-font-family:&quot;Roboto&quot;;--awb-content-font-style:normal;--awb-content-font-weight:400;--awb-title-font-family:&quot;Raleway&quot;;--awb-title-font-weight:400;--awb-title-font-style:normal;\"><div class=\"panel-heading\"><h4 class=\"panel-title toggle\" id=\"toggle_caf41005b512ba27f\"><a aria-expanded=\"false\" aria-controls=\"caf41005b512ba27f\" role=\"button\" data-toggle=\"collapse\" data-parent=\"#accordion-2319-1\" data-target=\"#caf41005b512ba27f\" href=\"#caf41005b512ba27f\"><span class=\"fusion-toggle-icon-wrapper\" aria-hidden=\"true\"><i class=\"fa-fusion-box active-icon awb-icon-minus\" aria-hidden=\"true\"><\/i><i class=\"fa-fusion-box inactive-icon awb-icon-plus\" aria-hidden=\"true\"><\/i><\/span><span class=\"fusion-toggle-heading\">Degr\u00e9 de gravit\u00e9 4<\/span><\/a><\/h4><\/div><div id=\"caf41005b512ba27f\" class=\"panel-collapse collapse\" aria-labelledby=\"toggle_caf41005b512ba27f\"><div class=\"panel-body toggle-content fusion-clearfix\">\n<p>Probl\u00e8me mineur qui n'affecte pas la production et peut \u00eatre r\u00e9solu rapidement.<\/p>\n<p><strong>Exemple :<\/strong>\u00a0Questions pratiques comme \"comment faire ?\", Texte d'un message ou d'une page mal formul\u00e9 ou contenant des erreurs, remarques g\u00e9n\u00e9rales.<\/p>\n<p>R\u00e9ponse cible SLA\u00a0<strong>24 heures<\/strong><\/p>\n<\/div><\/div><\/div><\/div><\/div><div class=\"fusion-separator fusion-full-width-sep\" style=\"align-self: center;margin-left: auto;margin-right: auto;margin-bottom:4%;width:100%;\"><\/div><div class=\"fusion-text fusion-text-2\"><p>Vous pouvez demander \u00e0 TeamViewer de nous autoriser \u00e0 acc\u00e9der \u00e0 votre appareil pendant la session d'assistance, veuillez t\u00e9l\u00e9charger notre TeamViewer <a href=\"https:\/\/www.prival.ca\/TeamViewerQS_en_Windows.exe\"><img decoding=\"async\" class=\"lazyload wp-image-6076 alignnone\" src=\"https:\/\/www.prival.ca\/wp-content\/uploads\/2022\/06\/TV.png\" data-orig-src=\"https:\/\/www.prival.ca\/wp-content\/uploads\/2022\/06\/TV.png\" alt=\"\" width=\"25\" height=\"25\" srcset=\"data:image\/svg+xml,%3Csvg%20xmlns%3D%27http%3A%2F%2Fwww.w3.org%2F2000%2Fsvg%27%20width%3D%2725%27%20height%3D%2725%27%20viewBox%3D%270%200%2025%2025%27%3E%3Crect%20width%3D%2725%27%20height%3D%2725%27%20fill-opacity%3D%220%22%2F%3E%3C%2Fsvg%3E\" data-srcset=\"https:\/\/www.prival.ca\/wp-content\/uploads\/2022\/06\/TV-12x12.png 12w, https:\/\/www.prival.ca\/wp-content\/uploads\/2022\/06\/TV-66x66.png 66w, https:\/\/www.prival.ca\/wp-content\/uploads\/2022\/06\/TV-150x150.png 150w, https:\/\/www.prival.ca\/wp-content\/uploads\/2022\/06\/TV.png 200w\" data-sizes=\"auto\" data-orig-sizes=\"(max-width: 25px) 100vw, 25px\" \/><\/a><\/p>\n<\/div><\/div><\/div><div class=\"fusion-layout-column fusion_builder_column fusion-builder-column-2 fusion_builder_column_1_2 1_2 fusion-flex-column fusion-flex-align-self-stretch\" style=\"--awb-padding-top:10px;--awb-bg-size:cover;--awb-width-large:50%;--awb-margin-top-large:0px;--awb-spacing-right-large:4.75%;--awb-margin-bottom-large:20px;--awb-spacing-left-large:4.75%;--awb-width-medium:100%;--awb-order-medium:0;--awb-spacing-right-medium:2.375%;--awb-spacing-left-medium:2.375%;--awb-width-small:100%;--awb-order-small:0;--awb-spacing-right-small:2.375%;--awb-spacing-left-small:2.375%;\"><div class=\"fusion-column-wrapper fusion-column-has-shadow fusion-flex-justify-content-flex-start fusion-content-layout-column\"><div class=\"fusion-form fusion-form-builder fusion-form-form-wrapper fusion-form-2328\" style=\"--awb-tooltip-text-color:#ffffff;--awb-tooltip-background-color:#333333;--awb-field-margin-top:0px;--awb-field-margin-bottom:15px;\" data-form-id=\"2328\" data-config=\"{&quot;form_id&quot;:&quot;2328&quot;,&quot;form_post_id&quot;:&quot;2328&quot;,&quot;post_id&quot;:2319,&quot;form_type&quot;:&quot;ajax&quot;,&quot;confirmation_type&quot;:&quot;message&quot;,&quot;redirect_url&quot;:&quot;&quot;,&quot;redirect_timeout&quot;:&quot;0&quot;,&quot;field_labels&quot;:{&quot;i_need_assistance_with&quot;:&quot;&quot;,&quot;name&quot;:&quot;&quot;,&quot;email_address&quot;:&quot;&quot;,&quot;contact_number&quot;:&quot;&quot;,&quot;company&quot;:&quot;&quot;,&quot;brief&quot;:&quot;&quot;,&quot;description&quot;:&quot;&quot;},&quot;field_logics&quot;:{&quot;i_need_assistance_with&quot;:&quot;&quot;,&quot;name&quot;:&quot;&quot;,&quot;email_address&quot;:&quot;&quot;,&quot;contact_number&quot;:&quot;&quot;,&quot;company&quot;:&quot;&quot;,&quot;brief&quot;:&quot;&quot;,&quot;description&quot;:&quot;&quot;,&quot;notice_1&quot;:&quot;&quot;,&quot;submit_1&quot;:&quot;&quot;},&quot;field_types&quot;:{&quot;i_need_assistance_with&quot;:&quot;select&quot;,&quot;name&quot;:&quot;text&quot;,&quot;email_address&quot;:&quot;email&quot;,&quot;contact_number&quot;:&quot;phone_number&quot;,&quot;company&quot;:&quot;text&quot;,&quot;brief&quot;:&quot;text&quot;,&quot;description&quot;:&quot;textarea&quot;,&quot;notice_1&quot;:&quot;notice&quot;,&quot;recaptcha_1&quot;:&quot;recaptcha&quot;,&quot;submit_1&quot;:&quot;submit&quot;},&quot;nonce_method&quot;:&quot;ajax&quot;,&quot;form_views&quot;:&quot;&quot;,&quot;form_views_counting&quot;:&quot;&quot;}\"><form action=\"https:\/\/www.prival.ca\/fr\/technical-support\/\" method=\"post\" class=\"fusion-form fusion-form-2328\" data-trp-original-action=\"https:\/\/www.prival.ca\/fr\/technical-support\/\"><div class=\"fusion-fullwidth fullwidth-box fusion-builder-row-2-1 fusion-flex-container nonhundred-percent-fullwidth non-hundred-percent-height-scrolling\" style=\"--awb-border-radius-top-left:0px;--awb-border-radius-top-right:0px;--awb-border-radius-bottom-right:0px;--awb-border-radius-bottom-left:0px;--awb-padding-top:0px;--awb-padding-right:0px;--awb-padding-bottom:0px;--awb-padding-left:0px;--awb-margin-top:0px;--awb-margin-bottom:0px;--awb-flex-wrap:wrap;\" ><div class=\"fusion-builder-row fusion-row fusion-flex-align-items-flex-start fusion-flex-content-wrap\" style=\"width:103% !important;max-width:103% !important;margin-left: calc(-3% \/ 2 );margin-right: calc(-3% \/ 2 );\"><div class=\"fusion-layout-column fusion_builder_column fusion-builder-column-3 fusion_builder_column_1_1 1_1 fusion-flex-column\" style=\"--awb-bg-size:cover;--awb-width-large:100%;--awb-flex-grow:0;--awb-flex-shrink:0;--awb-margin-top-large:0px;--awb-spacing-right-large:1.455%;--awb-margin-bottom-large:0px;--awb-spacing-left-large:1.455%;--awb-width-medium:100%;--awb-order-medium:0;--awb-flex-grow-medium:0;--awb-flex-shrink-medium:0;--awb-spacing-right-medium:1.455%;--awb-spacing-left-medium:1.455%;--awb-width-small:100%;--awb-order-small:0;--awb-flex-grow-small:0;--awb-flex-shrink-small:0;--awb-spacing-right-small:1.455%;--awb-spacing-left-small:1.455%;\"><div class=\"fusion-column-wrapper fusion-column-has-shadow fusion-flex-justify-content-flex-start fusion-content-layout-column\"><div class=\"fusion-form-field fusion-form-select-field fusion-form-label-above\" style=\"\" data-form-id=\"2328\"><div class=\"fusion-select-wrapper\"><select autocomplete=\"off\" tabindex=\"\" id=\"i_need_assistance_with\" name=\"i_need_assistance_with\" class=\"fusion-form-input\" required=\"true\" aria-required=\"true\" data-holds-private-data=\"false\"><option value=\"\" disabled selected>I need assistance with<\/option><option value=\"Microsoft\" >Microsoft<\/option><option value=\"Networking\" >R\u00e9seau<\/option><option value=\"Storage\" >Stockage<\/option><option value=\"Server\" >Server<\/option><option value=\"Backup\" >Backup<\/option><option value=\"bl\u00ebsk\" >la solution<\/option><option value=\"Mobile view\" >Mobile view<\/option><option value=\"Linux\" >Linux<\/option><option value=\"Other\" >Other<\/option><\/select><div class=\"select-arrow\"><svg width=\"12\" height=\"8\" viewbox=\"0 0 12 8\" fill=\"none\" xmlns=\"http:\/\/www.w3.org\/2000\/svg\"> <path d=\"M1.5 1.75L6 6.25L10.5 1.75\" stroke=\"#6D6D6D\" stroke-width=\"2\" stroke-linecap=\"round\" stroke-linejoin=\"round\"\/> <\/svg><\/div><\/div><\/div><div class=\"fusion-form-field fusion-form-text-field fusion-form-label-above\" style=\"\" data-form-id=\"2328\"><input type=\"text\" autocomplete=\"off\" name=\"name\" id=\"name\" value=\"\"  class=\"fusion-form-input\" required=\"true\" aria-required=\"true\" placeholder=\"Name *\" data-holds-private-data=\"false\" minlength=\"0\"\/><\/div><div class=\"fusion-form-field fusion-form-email-field fusion-form-label-above\" style=\"\" data-form-id=\"2328\"><input type=\"email\" autocomplete=\"off\" name=\"email_address\" id=\"email_address\" value=\"\"  class=\"fusion-form-input\" required=\"true\" aria-required=\"true\" placeholder=\"Email address *\" data-holds-private-data=\"false\"\/><\/div><div class=\"fusion-form-field fusion-form-phone-number-field fusion-form-label-above\" style=\"\" data-form-id=\"2328\"><input type=\"tel\" autocomplete=\"off\" name=\"contact_number\" id=\"contact_number\" value=\"\"  class=\"fusion-form-input\" required=\"true\" aria-required=\"true\" placeholder=\"Contact number *\" data-holds-private-data=\"false\"\/><\/div><div class=\"fusion-form-field fusion-form-text-field fusion-form-label-above\" style=\"\" data-form-id=\"2328\"><input type=\"text\" autocomplete=\"off\" name=\"company\" id=\"company\" value=\"\"  class=\"fusion-form-input\" required=\"true\" aria-required=\"true\" placeholder=\"ENTREPRISE\" data-holds-private-data=\"false\" minlength=\"0\"\/><\/div><div class=\"fusion-form-field fusion-form-text-field fusion-form-label-above\" style=\"\" data-form-id=\"2328\"><input type=\"text\" autocomplete=\"off\" name=\"brief\" id=\"brief\" value=\"\"  class=\"fusion-form-input\" required=\"true\" aria-required=\"true\" placeholder=\"Brief about the problem *\" data-holds-private-data=\"false\" minlength=\"0\"\/><\/div><div class=\"fusion-form-field fusion-form-textarea-field fusion-form-label-above\" style=\"\" data-form-id=\"2328\"><textarea cols=\"40\" autocomplete=\"off\"  minlength=\"0\"  rows=\"4\" tabindex=\"\" id=\"description\" name=\"description\" class=\"fusion-form-input\" required=\"true\" aria-required=\"true\" placeholder=\"Describe the problem in detail and indicate the error messages *\" data-holds-private-data=\"false\"><\/textarea><\/div><div class=\"form-submission-notices data-notice_1\" id=\"fusion-notices-1\" data-instance=\"1\"><div class=\"fusion-alert alert success alert-success fusion-alert-center fusion-form-response fusion-form-response-success awb-alert-native-link-color alert-dismissable awb-alert-close-boxed\" role=\"alert\"><div class=\"fusion-alert-content-wrapper\"><span class=\"alert-icon\"><i class=\"awb-icon-check-circle\" aria-hidden=\"true\"><\/i><\/span><span class=\"fusion-alert-content\">Thank you for your message. It has been sent.<\/span><\/div><button type=\"button\" class=\"close toggle-alert\" data-dismiss=\"alert\" aria-label=\"Close\">&times;<\/button><\/div><div class=\"fusion-alert alert error alert-danger fusion-alert-center fusion-form-response fusion-form-response-error awb-alert-native-link-color alert-dismissable awb-alert-close-boxed\" role=\"alert\"><div class=\"fusion-alert-content-wrapper\"><span class=\"alert-icon\"><i class=\"awb-icon-exclamation-triangle\" aria-hidden=\"true\"><\/i><\/span><span class=\"fusion-alert-content\">There was an error trying to send your message. Please try again later.<\/span><\/div><button type=\"button\" class=\"close toggle-alert\" data-dismiss=\"alert\" aria-label=\"Close\">&times;<\/button><\/div><\/div><div class=\"fusion-form-field fusion-form-recaptcha-field fusion-form-label-above\" style=\"\" data-form-id=\"2328\">\t\t\t\t<div class=\"form-creator-recaptcha\" >\n\t\t\t\t\t\t\t\t\t\t\t\t\t\t<div class=\"fusion-form-recaptcha-wrapper\">\n\t\t\t\t\t<div\n\t\t\t\t\t\tid=\"g-recaptcha-id-form-2328\"\n\t\t\t\t\t\tclass=\"awb-recaptcha-v2 fusion-form-recaptcha-v2\"\n\t\t\t\t\t\tdata-theme=\"light\"\n\t\t\t\t\t\tdata-sitekey=\"6LcV-hUqAAAAAMRA3h4UFfO4Z50DOJPBu1pEr-HY\"\n\t\t\t\t\t\tdata-tabindex=\"\">\n\t\t\t\t\t<\/div>\n\t\t\t\t<\/div>\n\t\t\t\t\t\t\t\t\t\t\t<\/div>\n\t\t\t\t<\/div><div class=\"fusion-form-field fusion-form-submit-field fusion-form-label-above\" style=\"\" data-form-id=\"2328\"><div ><button type=\"submit\" class=\"fusion-button button-flat fusion-button-default-size button-custom fusion-button-default button-1 fusion-button-default-span  button-default form-form-submit\" style=\"--awb-margin-top:15px;--button_accent_color:var(--awb-color1);--button_accent_hover_color:var(--awb-color1);--button_border_hover_color:var(--awb-color1);--button_border_width-top:0px;--button_border_width-right:0px;--button_border_width-bottom:0px;--button_border_width-left:0px;--button-border-radius-top-left:45px;--button-border-radius-top-right:45px;--button-border-radius-bottom-right:45px;--button-border-radius-bottom-left:45px;--button_gradient_top_color:var(--awb-color6);--button_gradient_bottom_color:var(--awb-color6);--button_gradient_top_color_hover:#000000;--button_gradient_bottom_color_hover:#000000;\" data-form-number=\"2328\" tabindex=\"\"><span class=\"fusion-button-text awb-button__text awb-button__text--default\">Envoyez votre message<\/span><\/button><\/div><\/div><\/div><\/div><\/div><\/div><input type=\"hidden\" name=\"fusion_privacy_expiration_interval\" value=\"48\"><input type=\"hidden\" name=\"privacy_expiration_action\" value=\"anonymize\"><input type=\"hidden\" name=\"trp-form-language\" value=\"fr\"\/><\/form><\/div><\/div><\/div><\/div><\/div><\/p>","protected":false},"excerpt":{"rendered":"","protected":false},"author":2,"featured_media":2308,"parent":0,"menu_order":0,"comment_status":"closed","ping_status":"closed","template":"100-width.php","meta":{"footnotes":""},"class_list":["post-2319","page","type-page","status-publish","has-post-thumbnail","hentry"],"_links":{"self":[{"href":"https:\/\/www.prival.ca\/fr\/wp-json\/wp\/v2\/pages\/2319","targetHints":{"allow":["GET"]}}],"collection":[{"href":"https:\/\/www.prival.ca\/fr\/wp-json\/wp\/v2\/pages"}],"about":[{"href":"https:\/\/www.prival.ca\/fr\/wp-json\/wp\/v2\/types\/page"}],"author":[{"embeddable":true,"href":"https:\/\/www.prival.ca\/fr\/wp-json\/wp\/v2\/users\/2"}],"replies":[{"embeddable":true,"href":"https:\/\/www.prival.ca\/fr\/wp-json\/wp\/v2\/comments?post=2319"}],"version-history":[{"count":62,"href":"https:\/\/www.prival.ca\/fr\/wp-json\/wp\/v2\/pages\/2319\/revisions"}],"predecessor-version":[{"id":7605,"href":"https:\/\/www.prival.ca\/fr\/wp-json\/wp\/v2\/pages\/2319\/revisions\/7605"}],"wp:featuredmedia":[{"embeddable":true,"href":"https:\/\/www.prival.ca\/fr\/wp-json\/wp\/v2\/media\/2308"}],"wp:attachment":[{"href":"https:\/\/www.prival.ca\/fr\/wp-json\/wp\/v2\/media?parent=2319"}],"curies":[{"name":"wp","href":"https:\/\/api.w.org\/{rel}","templated":true}]}}