{"id":13971,"date":"2026-02-16T11:29:36","date_gmt":"2026-02-16T16:29:36","guid":{"rendered":"https:\/\/www.prival.ca\/?page_id=13971"},"modified":"2026-02-16T14:34:09","modified_gmt":"2026-02-16T19:34:09","slug":"checklist-preparation-des-donnees-pour-lia-generative","status":"publish","type":"page","link":"https:\/\/www.prival.ca\/fr\/checklist-preparation-des-donnees-pour-lia-generative\/","title":{"rendered":"Checklist : Pr\u00e9paration des donn\u00e9es pour lIA g\u00e9n\u00e9rative"},"content":{"rendered":"<div class=\"fusion-fullwidth fullwidth-box fusion-builder-row-1 fusion-flex-container has-pattern-background has-mask-background nonhundred-percent-fullwidth non-hundred-percent-height-scrolling\" style=\"--awb-border-radius-top-left:0px;--awb-border-radius-top-right:0px;--awb-border-radius-bottom-right:0px;--awb-border-radius-bottom-left:0px;--awb-flex-wrap:wrap;\" ><div class=\"fusion-builder-row fusion-row fusion-flex-align-items-flex-start fusion-flex-content-wrap\" style=\"max-width:1260px;margin-left: calc(-5% \/ 2 );margin-right: calc(-5% \/ 2 );\"><div class=\"fusion-layout-column fusion_builder_column fusion-builder-column-0 fusion_builder_column_1_1 1_1 fusion-flex-column\" style=\"--awb-bg-size:cover;--awb-width-large:100%;--awb-margin-top-large:0px;--awb-spacing-right-large:2.375%;--awb-margin-bottom-large:20px;--awb-spacing-left-large:2.375%;--awb-width-medium:100%;--awb-order-medium:0;--awb-spacing-right-medium:2.375%;--awb-spacing-left-medium:2.375%;--awb-width-small:100%;--awb-order-small:0;--awb-spacing-right-small:2.375%;--awb-spacing-left-small:2.375%;\"><div class=\"fusion-column-wrapper fusion-column-has-shadow fusion-flex-justify-content-flex-start fusion-content-layout-column\"><div class=\"fusion-text fusion-text-1\"><div style=\"width: 100%; max-width: 800px; margin: 0 auto;\">\n<p>&nbsp;<\/p>\n<div><\/div>\n<div style=\"text-align: center;\"><span style=\"font-family: var(--h3_typography-font-family); font-size: var(--h3_typography-font-size); font-style: var(--h3_typography-font-style,normal); letter-spacing: var(--h3_typography-letter-spacing); text-transform: var(--h3_typography-text-transform); text-align: var(--awb-content-alignment);\">Checklist de pr\u00e9paration<\/span><\/div>\n<div style=\"text-align: center;\"><span style=\"font-family: var(--h3_typography-font-family); font-size: var(--h3_typography-font-size); font-style: var(--h3_typography-font-style,normal); letter-spacing: var(--h3_typography-letter-spacing); text-transform: var(--h3_typography-text-transform); text-align: var(--awb-content-alignment);\">des donn\u00e9es pour l&#8217;IA<\/span><\/div>\n<div style=\"text-align: center;\"><span style=\"font-family: var(--h3_typography-font-family); font-size: var(--h3_typography-font-size); font-style: var(--h3_typography-font-style,normal); letter-spacing: var(--h3_typography-letter-spacing); text-transform: var(--h3_typography-text-transform); text-align: var(--awb-content-alignment);\">g\u00e9n\u00e9rative<\/span><\/div>\n<p><iframe style=\"border: non e;\" src=\" https:\/\/www.prival.ca\/wp-content\/uploads\/2026\/02\/Checklist-de-prparation-des-donnes-pour-lIA-gnrative.pdf \" width=\"100%\" height=\"792p x\" data-lf-form-tracking-inspected-ywvko4xddow4z6bj=\"true\" data-lf-yt-playback-inspected-ywvko4xddow4z6bj=\"true\" data-lf-vimeo-playback-inspected-ywvko4xddow4z6bj=\"true\"><\/iframe><\/p>\n<\/div>\n<\/div><\/div><\/div><\/div><\/div>","protected":false},"excerpt":{"rendered":"","protected":false},"author":4,"featured_media":0,"parent":0,"menu_order":0,"comment_status":"closed","ping_status":"closed","template":"100-width.php","meta":{"footnotes":""},"class_list":["post-13971","page","type-page","status-publish","hentry"],"_links":{"self":[{"href":"https:\/\/www.prival.ca\/fr\/wp-json\/wp\/v2\/pages\/13971","targetHints":{"allow":["GET"]}}],"collection":[{"href":"https:\/\/www.prival.ca\/fr\/wp-json\/wp\/v2\/pages"}],"about":[{"href":"https:\/\/www.prival.ca\/fr\/wp-json\/wp\/v2\/types\/page"}],"author":[{"embeddable":true,"href":"https:\/\/www.prival.ca\/fr\/wp-json\/wp\/v2\/users\/4"}],"replies":[{"embeddable":true,"href":"https:\/\/www.prival.ca\/fr\/wp-json\/wp\/v2\/comments?post=13971"}],"version-history":[{"count":5,"href":"https:\/\/www.prival.ca\/fr\/wp-json\/wp\/v2\/pages\/13971\/revisions"}],"predecessor-version":[{"id":13981,"href":"https:\/\/www.prival.ca\/fr\/wp-json\/wp\/v2\/pages\/13971\/revisions\/13981"}],"wp:attachment":[{"href":"https:\/\/www.prival.ca\/fr\/wp-json\/wp\/v2\/media?parent=13971"}],"curies":[{"name":"wp","href":"https:\/\/api.w.org\/{rel}","templated":true}]}}