{"id":11652,"date":"2025-07-16T17:58:23","date_gmt":"2025-07-16T17:58:23","guid":{"rendered":"http:\/\/172.105.26.168\/?page_id=11652"},"modified":"2025-08-08T16:10:29","modified_gmt":"2025-08-08T16:10:29","slug":"guide-protection-des-renseignements-personnels-2","status":"publish","type":"page","link":"https:\/\/www.prival.ca\/fr\/guide-protection-des-renseignements-personnels-2\/","title":{"rendered":"Guide protection des renseignements personnels du Barreau du Qu\u00e9bec"},"content":{"rendered":"<div class=\"fusion-fullwidth fullwidth-box fusion-builder-row-1 fusion-flex-container has-pattern-background has-mask-background nonhundred-percent-fullwidth non-hundred-percent-height-scrolling\" style=\"--awb-border-radius-top-left:0px;--awb-border-radius-top-right:0px;--awb-border-radius-bottom-right:0px;--awb-border-radius-bottom-left:0px;--awb-flex-wrap:wrap;\" ><div class=\"fusion-builder-row fusion-row fusion-flex-align-items-flex-start fusion-flex-content-wrap\" style=\"max-width:1260px;margin-left: calc(-5% \/ 2 );margin-right: calc(-5% \/ 2 );\"><div class=\"fusion-layout-column fusion_builder_column fusion-builder-column-0 fusion_builder_column_1_1 1_1 fusion-flex-column\" style=\"--awb-bg-size:cover;--awb-width-large:100%;--awb-margin-top-large:0px;--awb-spacing-right-large:2.375%;--awb-margin-bottom-large:20px;--awb-spacing-left-large:2.375%;--awb-width-medium:100%;--awb-order-medium:0;--awb-spacing-right-medium:2.375%;--awb-spacing-left-medium:2.375%;--awb-width-small:100%;--awb-order-small:0;--awb-spacing-right-small:2.375%;--awb-spacing-left-small:2.375%;\"><div class=\"fusion-column-wrapper fusion-column-has-shadow fusion-flex-justify-content-flex-start fusion-content-layout-column\"><div class=\"fusion-text fusion-text-1\"><div style=\"width: 100%; max-width: 800px; margin: 0 auto;\">\n<p>\u200b<\/p>\n<h1><span style=\"background-color: rgba(0, 0, 0, 0); color: #000000; font-family: 'Bricolage Grotesque', Arial, Helvetica, sans-serif; font-size: 64px; font-weight: 600; line-height: 1.3;\" data-fusion-font=\"true\">Guide protection des renseignements personnels<\/span><\/h1>\n<p>\u200bLe \u00ab Guide pratique pour la protection des renseignements personnels \u00bb aide les avocats \u00e0 se conformer \u00e0 la Loi sur le secteur priv\u00e9 au Qu\u00e9bec. Il propose des conseils sur la gouvernance, la s\u00e9curit\u00e9 des donn\u00e9es et la gestion des incidents, avec des outils pratiques pour respecter les obligations l\u00e9gales.<\/p>\n<p><iframe style=\"border: none;\" src=\" https:\/\/www.prival.ca\/wp-content\/uploads\/2025\/08\/Guide-protection-des-renseignements-personnels-1.pdf\" width=\"100%\" height=\"792px\" data-lf-form-tracking-inspected-ywvko4xddow4z6bj=\"true\" data-lf-yt-playback-inspected-ywvko4xddow4z6bj=\"true\" data-lf-vimeo-playback-inspected-ywvko4xddow4z6bj=\"true\"><span data-mce-type=\"bookmark\" style=\"display: inline-block; width: 0px; overflow: hidden; line-height: 0;\" class=\"mce_SELRES_start\"><\/span><\/iframe>\u200b<\/p>\n<p>\u200b<\/p>\n<\/div>\n<p>\u200b<\/p>\n<\/div><\/div><\/div><\/div><\/div>","protected":false},"excerpt":{"rendered":"","protected":false},"author":4,"featured_media":0,"parent":0,"menu_order":0,"comment_status":"closed","ping_status":"closed","template":"100-width.php","meta":{"footnotes":""},"class_list":["post-11652","page","type-page","status-publish","hentry"],"_links":{"self":[{"href":"https:\/\/www.prival.ca\/fr\/wp-json\/wp\/v2\/pages\/11652","targetHints":{"allow":["GET"]}}],"collection":[{"href":"https:\/\/www.prival.ca\/fr\/wp-json\/wp\/v2\/pages"}],"about":[{"href":"https:\/\/www.prival.ca\/fr\/wp-json\/wp\/v2\/types\/page"}],"author":[{"embeddable":true,"href":"https:\/\/www.prival.ca\/fr\/wp-json\/wp\/v2\/users\/4"}],"replies":[{"embeddable":true,"href":"https:\/\/www.prival.ca\/fr\/wp-json\/wp\/v2\/comments?post=11652"}],"version-history":[{"count":5,"href":"https:\/\/www.prival.ca\/fr\/wp-json\/wp\/v2\/pages\/11652\/revisions"}],"predecessor-version":[{"id":12396,"href":"https:\/\/www.prival.ca\/fr\/wp-json\/wp\/v2\/pages\/11652\/revisions\/12396"}],"wp:attachment":[{"href":"https:\/\/www.prival.ca\/fr\/wp-json\/wp\/v2\/media?parent=11652"}],"curies":[{"name":"wp","href":"https:\/\/api.w.org\/{rel}","templated":true}]}}