{"id":11593,"date":"2025-07-09T15:12:55","date_gmt":"2025-07-09T15:12:55","guid":{"rendered":"http:\/\/172.105.26.168\/?page_id=11593"},"modified":"2025-07-22T15:26:34","modified_gmt":"2025-07-22T15:26:34","slug":"deep-dive-sase","status":"publish","type":"page","link":"https:\/\/www.prival.ca\/fr\/deep-dive-sase\/","title":{"rendered":"Deep dive SASE"},"content":{"rendered":"<div class=\"fusion-fullwidth fullwidth-box fusion-builder-row-1 fusion-flex-container has-pattern-background has-mask-background nonhundred-percent-fullwidth non-hundred-percent-height-scrolling\" style=\"--awb-border-radius-top-left:0px;--awb-border-radius-top-right:0px;--awb-border-radius-bottom-right:0px;--awb-border-radius-bottom-left:0px;--awb-flex-wrap:wrap;\" ><div class=\"fusion-builder-row fusion-row fusion-flex-align-items-flex-start fusion-flex-content-wrap\" style=\"max-width:1260px;margin-left: calc(-5% \/ 2 );margin-right: calc(-5% \/ 2 );\"><div class=\"fusion-layout-column fusion_builder_column fusion-builder-column-0 fusion_builder_column_1_1 1_1 fusion-flex-column\" style=\"--awb-bg-size:cover;--awb-width-large:100%;--awb-margin-top-large:0px;--awb-spacing-right-large:2.375%;--awb-margin-bottom-large:20px;--awb-spacing-left-large:2.375%;--awb-width-medium:100%;--awb-order-medium:0;--awb-spacing-right-medium:2.375%;--awb-spacing-left-medium:2.375%;--awb-width-small:100%;--awb-order-small:0;--awb-spacing-right-small:2.375%;--awb-spacing-left-small:2.375%;\"><div class=\"fusion-column-wrapper fusion-column-has-shadow fusion-flex-justify-content-flex-start fusion-content-layout-column\"><div class=\"fusion-image-element\" style=\"text-align:center;--awb-margin-top:25px;--awb-margin-bottom:25px;--awb-caption-title-font-family:var(--h2_typography-font-family);--awb-caption-title-font-weight:var(--h2_typography-font-weight);--awb-caption-title-font-style:var(--h2_typography-font-style);--awb-caption-title-size:var(--h2_typography-font-size);--awb-caption-title-transform:var(--h2_typography-text-transform);--awb-caption-title-line-height:var(--h2_typography-line-height);--awb-caption-title-letter-spacing:var(--h2_typography-letter-spacing);\"><span class=\"fusion-imageframe imageframe-none imageframe-1 hover-type-none webinaire-sase-image\"><img decoding=\"async\" width=\"300\" height=\"157\" title=\"Sase H\" src=\"https:\/\/www.prival.ca\/wp-content\/uploads\/2025\/07\/Sase-H.jpg\" data-orig-src=\"https:\/\/www.prival.ca\/wp-content\/uploads\/2025\/07\/Sase-H-300x157.jpg\" alt class=\"lazyload img-responsive wp-image-11625\" srcset=\"data:image\/svg+xml,%3Csvg%20xmlns%3D%27http%3A%2F%2Fwww.w3.org%2F2000%2Fsvg%27%20width%3D%272400%27%20height%3D%271256%27%20viewBox%3D%270%200%202400%201256%27%3E%3Crect%20width%3D%272400%27%20height%3D%271256%27%20fill-opacity%3D%220%22%2F%3E%3C%2Fsvg%3E\" data-srcset=\"https:\/\/www.prival.ca\/wp-content\/uploads\/2025\/07\/Sase-H-200x105.jpg 200w, https:\/\/www.prival.ca\/wp-content\/uploads\/2025\/07\/Sase-H-400x209.jpg 400w, https:\/\/www.prival.ca\/wp-content\/uploads\/2025\/07\/Sase-H-600x314.jpg 600w, https:\/\/www.prival.ca\/wp-content\/uploads\/2025\/07\/Sase-H-800x419.jpg 800w, https:\/\/www.prival.ca\/wp-content\/uploads\/2025\/07\/Sase-H-1200x628.jpg 1200w\" data-sizes=\"auto\" data-orig-sizes=\"(max-width: 1024px) 100vw, (max-width: 740px) 100vw, 1200px\" \/><\/span><\/div><\/div><\/div><div class=\"fusion-layout-column fusion_builder_column fusion-builder-column-1 fusion_builder_column_1_1 1_1 fusion-flex-column\" style=\"--awb-bg-size:cover;--awb-width-large:100%;--awb-margin-top-large:0px;--awb-spacing-right-large:2.375%;--awb-margin-bottom-large:20px;--awb-spacing-left-large:2.375%;--awb-width-medium:100%;--awb-order-medium:0;--awb-spacing-right-medium:2.375%;--awb-spacing-left-medium:2.375%;--awb-width-small:100%;--awb-order-small:0;--awb-spacing-right-small:2.375%;--awb-spacing-left-small:2.375%;\"><div class=\"fusion-column-wrapper fusion-column-has-shadow fusion-flex-justify-content-flex-start fusion-content-layout-column\"><div class=\"fusion-content-boxes content-boxes columns row fusion-columns-1 fusion-columns-total-1 fusion-content-boxes-1 content-boxes-icon-with-title content-left\" style=\"--awb-hover-accent-color:var(--awb-color3);--awb-circle-hover-accent-color:var(--awb-color3);--awb-item-margin-bottom:40px;\" data-animationoffset=\"top-into-view\"><div style=\"--awb-backgroundcolor:rgba(255,255,255,0);\" class=\"fusion-column content-box-column content-box-column content-box-column-1 col-lg-12 col-md-12 col-sm-12 fusion-content-box-hover content-box-column-last content-box-column-last-in-row\"><div class=\"col content-box-wrapper content-wrapper link-area-link-icon content-icon-wrapper-yes icon-hover-animation-none\" data-animationoffset=\"top-into-view\"><div class=\"heading icon-left\"><h1 class=\"content-box-heading fusion-responsive-typography-calculated\" style=\"--h1_typography-font-size:24px;--fontSize:24;line-height:1.3;\">Deep dive exclusif : s\u00e9curisez facilement les acc\u00e8s distants \u00e0 votre infrastructure priv\u00e9e, cloud, SaaS et Internet<\/h1><\/div><div class=\"fusion-clearfix\"><\/div><div class=\"content-container\">\n<p>Avec le mod\u00e8le de travail \u00e0 distance o\u00f9 vos utilisateurs peuvent travailler de n&#8217;importe o\u00f9, s\u00e9curiser vos utilisateurs distants, applications priv\u00e9es et SaaS est un d\u00e9fi important et on remarque souvent que les solutions traditionnelles ne suffisent plus pour r\u00e9pondre de fa\u00e7on simple, centralis\u00e9e et efficace \u00e0 cette nouvelle r\u00e9alit\u00e9.<\/p>\n<p>Lors de cette session, nous plongerons au c\u0153ur d&#8217;une solution qui facilite la gestion et aide \u00e0 s\u00e9curiser les utilisateurs \u00e0 distance, les applications priv\u00e9es et SaaS tout en simplifiant la charge de travail.<\/p>\n<p><strong>*Entrez votre courriel professionnel pour recevoir le mot de passe du webinaire.*<\/strong><\/p>\n<\/div><\/div><\/div><div class=\"fusion-clearfix\"><\/div><\/div><\/div><\/div><\/div><\/div>","protected":false},"excerpt":{"rendered":"","protected":false},"author":4,"featured_media":0,"parent":0,"menu_order":0,"comment_status":"closed","ping_status":"closed","template":"100-width.php","meta":{"footnotes":""},"class_list":["post-11593","page","type-page","status-publish","hentry"],"_links":{"self":[{"href":"https:\/\/www.prival.ca\/fr\/wp-json\/wp\/v2\/pages\/11593","targetHints":{"allow":["GET"]}}],"collection":[{"href":"https:\/\/www.prival.ca\/fr\/wp-json\/wp\/v2\/pages"}],"about":[{"href":"https:\/\/www.prival.ca\/fr\/wp-json\/wp\/v2\/types\/page"}],"author":[{"embeddable":true,"href":"https:\/\/www.prival.ca\/fr\/wp-json\/wp\/v2\/users\/4"}],"replies":[{"embeddable":true,"href":"https:\/\/www.prival.ca\/fr\/wp-json\/wp\/v2\/comments?post=11593"}],"version-history":[{"count":11,"href":"https:\/\/www.prival.ca\/fr\/wp-json\/wp\/v2\/pages\/11593\/revisions"}],"predecessor-version":[{"id":11975,"href":"https:\/\/www.prival.ca\/fr\/wp-json\/wp\/v2\/pages\/11593\/revisions\/11975"}],"wp:attachment":[{"href":"https:\/\/www.prival.ca\/fr\/wp-json\/wp\/v2\/media?parent=11593"}],"curies":[{"name":"wp","href":"https:\/\/api.w.org\/{rel}","templated":true}]}}